{"id":591,"date":"2025-05-06T11:31:04","date_gmt":"2025-05-06T09:31:04","guid":{"rendered":"https:\/\/restaurantecadaques.com\/gracies-reserva-madrid\/"},"modified":"2025-05-06T14:17:43","modified_gmt":"2025-05-06T12:17:43","slug":"gracies-reserva-madrid","status":"publish","type":"page","link":"https:\/\/restaurantecadaques.com\/ca\/gracies-reserva-madrid\/","title":{"rendered":"Gr\u00e0cies Reserva Madrid"},"content":{"rendered":"\t\t<div data-elementor-type=\"wp-page\" data-elementor-id=\"591\" class=\"elementor elementor-591 elementor-569\" data-elementor-post-type=\"page\">\n\t\t\t\t<div class=\"elementor-element elementor-element-eb7312d e-flex e-con-boxed e-con e-parent\" data-id=\"eb7312d\" data-element_type=\"container\">\n\t\t\t\t\t<div class=\"e-con-inner\">\n\t\t\t\t<div class=\"elementor-element elementor-element-5c11f99 elementor-widget elementor-widget-image\" data-id=\"5c11f99\" data-element_type=\"widget\" data-widget_type=\"image.default\">\n\t\t\t\t<div class=\"elementor-widget-container\">\n\t\t\t\t\t\t\t\t\t\t\t\t\t\t\t\t<a href=\"https:\/\/restaurantecadaques.com\/ca\/\">\n\t\t\t\t\t\t\t<img decoding=\"async\" width=\"180\" height=\"38\" src=\"https:\/\/restaurantecadaques.com\/wp-content\/uploads\/2025\/04\/cadalogomenu.png\" class=\"attachment-large size-large wp-image-509\" alt=\"\" \/>\t\t\t\t\t\t\t\t<\/a>\n\t\t\t\t\t\t\t\t\t\t\t\t\t\t\t<\/div>\n\t\t\t\t<\/div>\n\t\t\t\t\t<\/div>\n\t\t\t\t<\/div>\n\t\t<div class=\"elementor-element elementor-element-4191914 e-flex e-con-boxed e-con e-parent\" data-id=\"4191914\" data-element_type=\"container\">\n\t\t\t\t\t<div class=\"e-con-inner\">\n\t\t\t\t<div class=\"elementor-element elementor-element-92d322d elementor-widget elementor-widget-heading\" data-id=\"92d322d\" data-element_type=\"widget\" data-widget_type=\"heading.default\">\n\t\t\t\t<div class=\"elementor-widget-container\">\n\t\t\t\t\t<h2 class=\"elementor-heading-title elementor-size-default\">Gr\u00e0cies per la teva reserva<\/h2>\t\t\t\t<\/div>\n\t\t\t\t<\/div>\n\t\t\t\t<div class=\"elementor-element elementor-element-21b8ade elementor-widget__width-initial elementor-widget elementor-widget-text-editor\" data-id=\"21b8ade\" data-element_type=\"widget\" data-widget_type=\"text-editor.default\">\n\t\t\t\t<div class=\"elementor-widget-container\">\n\t\t\t\t\t\t\t\t\t<p>Aviat rebr\u00e0s la confirmaci\u00f3 de la reserva per email i\/o SMS.<\/p>\t\t\t\t\t\t\t\t<\/div>\n\t\t\t\t<\/div>\n\t\t\t\t<div class=\"elementor-element elementor-element-a7f0342 elementor-widget elementor-widget-button\" data-id=\"a7f0342\" data-element_type=\"widget\" data-widget_type=\"button.default\">\n\t\t\t\t<div class=\"elementor-widget-container\">\n\t\t\t\t\t\t\t\t\t<div class=\"elementor-button-wrapper\">\n\t\t\t\t\t<a class=\"elementor-button elementor-button-link elementor-size-sm\" href=\"https:\/\/restaurantecadaques.com\/ca\/\">\n\t\t\t\t\t\t<span class=\"elementor-button-content-wrapper\">\n\t\t\t\t\t\t\t\t\t<span class=\"elementor-button-text\">Tornar a la p\u00e0gina principal<\/span>\n\t\t\t\t\t<\/span>\n\t\t\t\t\t<\/a>\n\t\t\t\t<\/div>\n\t\t\t\t\t\t\t\t<\/div>\n\t\t\t\t<\/div>\n\t\t\t\t\t<\/div>\n\t\t\t\t<\/div>\n\t\t<div class=\"elementor-element elementor-element-95a29c2 e-flex e-con-boxed e-con e-parent\" data-id=\"95a29c2\" data-element_type=\"container\">\n\t\t\t\t\t<div class=\"e-con-inner\">\n\t\t\t\t<div class=\"elementor-element elementor-element-47e583e elementor-widget elementor-widget-image-carousel\" data-id=\"47e583e\" data-element_type=\"widget\" data-settings=\"{&quot;slides_to_show&quot;:&quot;3&quot;,&quot;slides_to_scroll&quot;:&quot;1&quot;,&quot;navigation&quot;:&quot;none&quot;,&quot;image_spacing_custom&quot;:{&quot;unit&quot;:&quot;px&quot;,&quot;size&quot;:30,&quot;sizes&quot;:[]},&quot;autoplay&quot;:&quot;yes&quot;,&quot;autoplay_speed&quot;:5000,&quot;infinite&quot;:&quot;yes&quot;,&quot;speed&quot;:500,&quot;image_spacing_custom_tablet&quot;:{&quot;unit&quot;:&quot;px&quot;,&quot;size&quot;:&quot;&quot;,&quot;sizes&quot;:[]},&quot;image_spacing_custom_mobile&quot;:{&quot;unit&quot;:&quot;px&quot;,&quot;size&quot;:&quot;&quot;,&quot;sizes&quot;:[]}}\" data-widget_type=\"image-carousel.default\">\n\t\t\t\t<div class=\"elementor-widget-container\">\n\t\t\t\t\t\t\t<div class=\"elementor-image-carousel-wrapper swiper\" role=\"region\" aria-roledescription=\"carousel\" aria-label=\"Carrusel de im\u00e1genes\" dir=\"ltr\">\n\t\t\t<div class=\"elementor-image-carousel swiper-wrapper\" aria-live=\"off\">\n\t\t\t\t\t\t\t\t<div class=\"swiper-slide\" role=\"group\" aria-roledescription=\"slide\" aria-label=\"1 de 4\"><figure class=\"swiper-slide-inner\"><img decoding=\"async\" class=\"swiper-slide-image\" src=\"https:\/\/restaurantecadaques.com\/wp-content\/uploads\/2025\/04\/SLIDE2.webp\" alt=\"SLIDE2\" \/><\/figure><\/div><div class=\"swiper-slide\" role=\"group\" aria-roledescription=\"slide\" aria-label=\"2 de 4\"><figure class=\"swiper-slide-inner\"><img decoding=\"async\" class=\"swiper-slide-image\" src=\"https:\/\/restaurantecadaques.com\/wp-content\/uploads\/2025\/04\/SLIDE3.webp\" alt=\"SLIDE3\" \/><\/figure><\/div><div class=\"swiper-slide\" role=\"group\" aria-roledescription=\"slide\" aria-label=\"3 de 4\"><figure class=\"swiper-slide-inner\"><img decoding=\"async\" class=\"swiper-slide-image\" src=\"https:\/\/restaurantecadaques.com\/wp-content\/uploads\/2025\/04\/SLIDE1.webp\" alt=\"SLIDE1\" \/><\/figure><\/div><div class=\"swiper-slide\" role=\"group\" aria-roledescription=\"slide\" aria-label=\"4 de 4\"><figure class=\"swiper-slide-inner\"><img decoding=\"async\" class=\"swiper-slide-image\" src=\"https:\/\/restaurantecadaques.com\/wp-content\/uploads\/2025\/04\/background.webp\" alt=\"background\" \/><\/figure><\/div>\t\t\t<\/div>\n\t\t\t\t\t\t\t\n\t\t\t\t\t\t\t\t\t<\/div>\n\t\t\t\t\t\t<\/div>\n\t\t\t\t<\/div>\n\t\t\t\t\t<\/div>\n\t\t\t\t<\/div>\n\t\t\t\t<\/div>\n\t\t","protected":false},"excerpt":{"rendered":"<p>Gr\u00e0cies per la teva reserva Aviat rebr\u00e0s la confirmaci\u00f3 de la reserva per email i\/o SMS. Tornar a la p\u00e0gina principal<\/p>\n","protected":false},"author":1,"featured_media":0,"parent":0,"menu_order":0,"comment_status":"closed","ping_status":"closed","template":"elementor_header_footer","meta":{"footnotes":""},"class_list":["post-591","page","type-page","status-publish","hentry"],"yoast_head":"<!-- This site is optimized with the Yoast SEO plugin v25.0 - https:\/\/yoast.com\/wordpress\/plugins\/seo\/ -->\n<title>Gr\u00e0cies Reserva Madrid - Cadaqu\u00e9s Restaurante<\/title>\n<meta name=\"robots\" content=\"index, follow, max-snippet:-1, max-image-preview:large, max-video-preview:-1\" \/>\n<link rel=\"canonical\" href=\"https:\/\/restaurantecadaques.com\/ca\/gracies-reserva-madrid\/\" \/>\n<meta property=\"og:locale\" content=\"ca_ES\" \/>\n<meta property=\"og:type\" content=\"article\" \/>\n<meta property=\"og:title\" content=\"Gr\u00e0cies Reserva Madrid - Cadaqu\u00e9s Restaurante\" \/>\n<meta property=\"og:description\" content=\"Gr\u00e0cies per la teva reserva Aviat rebr\u00e0s la confirmaci\u00f3 de la reserva per email i\/o SMS. Tornar a la p\u00e0gina principal\" \/>\n<meta property=\"og:url\" content=\"https:\/\/restaurantecadaques.com\/ca\/gracies-reserva-madrid\/\" \/>\n<meta property=\"og:site_name\" content=\"Cadaqu\u00e9s Restaurante\" \/>\n<meta property=\"article:modified_time\" content=\"2025-05-06T12:17:43+00:00\" \/>\n<meta property=\"og:image\" content=\"https:\/\/restaurantecadaques.com\/wp-content\/uploads\/2025\/04\/cadalogomenu.png\" \/>\n\t<meta property=\"og:image:width\" content=\"180\" \/>\n\t<meta property=\"og:image:height\" content=\"38\" \/>\n\t<meta property=\"og:image:type\" content=\"image\/png\" \/>\n<meta name=\"twitter:card\" content=\"summary_large_image\" \/>\n<script type=\"application\/ld+json\" class=\"yoast-schema-graph\">{\"@context\":\"https:\/\/schema.org\",\"@graph\":[{\"@type\":\"WebPage\",\"@id\":\"https:\/\/restaurantecadaques.com\/ca\/gracies-reserva-madrid\/\",\"url\":\"https:\/\/restaurantecadaques.com\/ca\/gracies-reserva-madrid\/\",\"name\":\"Gr\u00e0cies Reserva Madrid - Cadaqu\u00e9s Restaurante\",\"isPartOf\":{\"@id\":\"https:\/\/restaurantecadaques.com\/ca\/#website\"},\"primaryImageOfPage\":{\"@id\":\"https:\/\/restaurantecadaques.com\/ca\/gracies-reserva-madrid\/#primaryimage\"},\"image\":{\"@id\":\"https:\/\/restaurantecadaques.com\/ca\/gracies-reserva-madrid\/#primaryimage\"},\"thumbnailUrl\":\"https:\/\/restaurantecadaques.com\/wp-content\/uploads\/2025\/04\/cadalogomenu.png\",\"datePublished\":\"2025-05-06T09:31:04+00:00\",\"dateModified\":\"2025-05-06T12:17:43+00:00\",\"breadcrumb\":{\"@id\":\"https:\/\/restaurantecadaques.com\/ca\/gracies-reserva-madrid\/#breadcrumb\"},\"inLanguage\":\"ca\",\"potentialAction\":[{\"@type\":\"ReadAction\",\"target\":[\"https:\/\/restaurantecadaques.com\/ca\/gracies-reserva-madrid\/\"]}]},{\"@type\":\"ImageObject\",\"inLanguage\":\"ca\",\"@id\":\"https:\/\/restaurantecadaques.com\/ca\/gracies-reserva-madrid\/#primaryimage\",\"url\":\"https:\/\/restaurantecadaques.com\/wp-content\/uploads\/2025\/04\/cadalogomenu.png\",\"contentUrl\":\"https:\/\/restaurantecadaques.com\/wp-content\/uploads\/2025\/04\/cadalogomenu.png\"},{\"@type\":\"BreadcrumbList\",\"@id\":\"https:\/\/restaurantecadaques.com\/ca\/gracies-reserva-madrid\/#breadcrumb\",\"itemListElement\":[{\"@type\":\"ListItem\",\"position\":1,\"name\":\"Portada\",\"item\":\"https:\/\/restaurantecadaques.com\/ca\/\"},{\"@type\":\"ListItem\",\"position\":2,\"name\":\"Gr\u00e0cies Reserva Madrid\"}]},{\"@type\":\"WebSite\",\"@id\":\"https:\/\/restaurantecadaques.com\/ca\/#website\",\"url\":\"https:\/\/restaurantecadaques.com\/ca\/\",\"name\":\"Cadaqu\u00e9s Restaurante\",\"description\":\"\",\"potentialAction\":[{\"@type\":\"SearchAction\",\"target\":{\"@type\":\"EntryPoint\",\"urlTemplate\":\"https:\/\/restaurantecadaques.com\/ca\/?s={search_term_string}\"},\"query-input\":{\"@type\":\"PropertyValueSpecification\",\"valueRequired\":true,\"valueName\":\"search_term_string\"}}],\"inLanguage\":\"ca\"}]}<\/script>\n<!-- \/ Yoast SEO plugin. -->","yoast_head_json":{"title":"Gr\u00e0cies Reserva Madrid - Cadaqu\u00e9s Restaurante","robots":{"index":"index","follow":"follow","max-snippet":"max-snippet:-1","max-image-preview":"max-image-preview:large","max-video-preview":"max-video-preview:-1"},"canonical":"https:\/\/restaurantecadaques.com\/ca\/gracies-reserva-madrid\/","og_locale":"ca_ES","og_type":"article","og_title":"Gr\u00e0cies Reserva Madrid - Cadaqu\u00e9s Restaurante","og_description":"Gr\u00e0cies per la teva reserva Aviat rebr\u00e0s la confirmaci\u00f3 de la reserva per email i\/o SMS. Tornar a la p\u00e0gina principal","og_url":"https:\/\/restaurantecadaques.com\/ca\/gracies-reserva-madrid\/","og_site_name":"Cadaqu\u00e9s Restaurante","article_modified_time":"2025-05-06T12:17:43+00:00","og_image":[{"width":180,"height":38,"url":"https:\/\/restaurantecadaques.com\/wp-content\/uploads\/2025\/04\/cadalogomenu.png","type":"image\/png"}],"twitter_card":"summary_large_image","schema":{"@context":"https:\/\/schema.org","@graph":[{"@type":"WebPage","@id":"https:\/\/restaurantecadaques.com\/ca\/gracies-reserva-madrid\/","url":"https:\/\/restaurantecadaques.com\/ca\/gracies-reserva-madrid\/","name":"Gr\u00e0cies Reserva Madrid - Cadaqu\u00e9s Restaurante","isPartOf":{"@id":"https:\/\/restaurantecadaques.com\/ca\/#website"},"primaryImageOfPage":{"@id":"https:\/\/restaurantecadaques.com\/ca\/gracies-reserva-madrid\/#primaryimage"},"image":{"@id":"https:\/\/restaurantecadaques.com\/ca\/gracies-reserva-madrid\/#primaryimage"},"thumbnailUrl":"https:\/\/restaurantecadaques.com\/wp-content\/uploads\/2025\/04\/cadalogomenu.png","datePublished":"2025-05-06T09:31:04+00:00","dateModified":"2025-05-06T12:17:43+00:00","breadcrumb":{"@id":"https:\/\/restaurantecadaques.com\/ca\/gracies-reserva-madrid\/#breadcrumb"},"inLanguage":"ca","potentialAction":[{"@type":"ReadAction","target":["https:\/\/restaurantecadaques.com\/ca\/gracies-reserva-madrid\/"]}]},{"@type":"ImageObject","inLanguage":"ca","@id":"https:\/\/restaurantecadaques.com\/ca\/gracies-reserva-madrid\/#primaryimage","url":"https:\/\/restaurantecadaques.com\/wp-content\/uploads\/2025\/04\/cadalogomenu.png","contentUrl":"https:\/\/restaurantecadaques.com\/wp-content\/uploads\/2025\/04\/cadalogomenu.png"},{"@type":"BreadcrumbList","@id":"https:\/\/restaurantecadaques.com\/ca\/gracies-reserva-madrid\/#breadcrumb","itemListElement":[{"@type":"ListItem","position":1,"name":"Portada","item":"https:\/\/restaurantecadaques.com\/ca\/"},{"@type":"ListItem","position":2,"name":"Gr\u00e0cies Reserva Madrid"}]},{"@type":"WebSite","@id":"https:\/\/restaurantecadaques.com\/ca\/#website","url":"https:\/\/restaurantecadaques.com\/ca\/","name":"Cadaqu\u00e9s Restaurante","description":"","potentialAction":[{"@type":"SearchAction","target":{"@type":"EntryPoint","urlTemplate":"https:\/\/restaurantecadaques.com\/ca\/?s={search_term_string}"},"query-input":{"@type":"PropertyValueSpecification","valueRequired":true,"valueName":"search_term_string"}}],"inLanguage":"ca"}]}},"_links":{"self":[{"href":"https:\/\/restaurantecadaques.com\/ca\/wp-json\/wp\/v2\/pages\/591","targetHints":{"allow":["GET"]}}],"collection":[{"href":"https:\/\/restaurantecadaques.com\/ca\/wp-json\/wp\/v2\/pages"}],"about":[{"href":"https:\/\/restaurantecadaques.com\/ca\/wp-json\/wp\/v2\/types\/page"}],"author":[{"embeddable":true,"href":"https:\/\/restaurantecadaques.com\/ca\/wp-json\/wp\/v2\/users\/1"}],"replies":[{"embeddable":true,"href":"https:\/\/restaurantecadaques.com\/ca\/wp-json\/wp\/v2\/comments?post=591"}],"version-history":[{"count":1,"href":"https:\/\/restaurantecadaques.com\/ca\/wp-json\/wp\/v2\/pages\/591\/revisions"}],"predecessor-version":[{"id":592,"href":"https:\/\/restaurantecadaques.com\/ca\/wp-json\/wp\/v2\/pages\/591\/revisions\/592"}],"wp:attachment":[{"href":"https:\/\/restaurantecadaques.com\/ca\/wp-json\/wp\/v2\/media?parent=591"}],"curies":[{"name":"wp","href":"https:\/\/api.w.org\/{rel}","templated":true}]}}