{"id":587,"date":"2025-04-25T10:53:28","date_gmt":"2025-04-25T08:53:28","guid":{"rendered":"https:\/\/restaurantecadaques.com\/cadaques-bookings\/"},"modified":"2025-05-12T11:45:44","modified_gmt":"2025-05-12T09:45:44","slug":"cadaques-bookings","status":"publish","type":"page","link":"https:\/\/restaurantecadaques.com\/en\/cadaques-bookings\/","title":{"rendered":"Cadaqu\u00e9s bookings"},"content":{"rendered":"\t\t<div data-elementor-type=\"wp-page\" data-elementor-id=\"587\" class=\"elementor elementor-587 elementor-238\" data-elementor-post-type=\"page\">\n\t\t\t\t<div class=\"elementor-element elementor-element-9a9eec5 e-flex e-con-boxed e-con e-parent\" data-id=\"9a9eec5\" data-element_type=\"container\">\n\t\t\t\t\t<div class=\"e-con-inner\">\n\t\t\t\t<div class=\"elementor-element elementor-element-dcfd2d2 elementor-widget elementor-widget-image\" data-id=\"dcfd2d2\" data-element_type=\"widget\" data-widget_type=\"image.default\">\n\t\t\t\t<div class=\"elementor-widget-container\">\n\t\t\t\t\t\t\t\t\t\t\t\t\t\t\t\t<a href=\"https:\/\/restaurantecadaques.com\/en\/\">\n\t\t\t\t\t\t\t<img fetchpriority=\"high\" decoding=\"async\" width=\"504\" height=\"537\" src=\"https:\/\/restaurantecadaques.com\/wp-content\/uploads\/2025\/04\/cadaques-logo2.svg\" class=\"attachment-large size-large wp-image-430\" alt=\"\" \/>\t\t\t\t\t\t\t\t<\/a>\n\t\t\t\t\t\t\t\t\t\t\t\t\t\t\t<\/div>\n\t\t\t\t<\/div>\n\t\t\t\t\t<\/div>\n\t\t\t\t<\/div>\n\t\t<div class=\"elementor-element elementor-element-f7624c9 e-flex e-con-boxed e-con e-parent\" data-id=\"f7624c9\" data-element_type=\"container\">\n\t\t\t\t\t<div class=\"e-con-inner\">\n\t\t\t\t<div class=\"elementor-element elementor-element-1718cb4 elementor-widget elementor-widget-text-editor\" data-id=\"1718cb4\" data-element_type=\"widget\" data-widget_type=\"text-editor.default\">\n\t\t\t\t<div class=\"elementor-widget-container\">\n\t\t\t\t\t\t\t\t\t<p>Select the city in which you want to book and complete the booking information:<\/p>\t\t\t\t\t\t\t\t<\/div>\n\t\t\t\t<\/div>\n\t\t\t\t<div class=\"elementor-element elementor-element-90f161d elementor-widget elementor-widget-n-accordion\" data-id=\"90f161d\" data-element_type=\"widget\" data-settings=\"{&quot;default_state&quot;:&quot;all_collapsed&quot;,&quot;max_items_expended&quot;:&quot;one&quot;,&quot;n_accordion_animation_duration&quot;:{&quot;unit&quot;:&quot;ms&quot;,&quot;size&quot;:400,&quot;sizes&quot;:[]}}\" data-widget_type=\"nested-accordion.default\">\n\t\t\t\t<div class=\"elementor-widget-container\">\n\t\t\t\t\t\t\t<div class=\"e-n-accordion\" aria-label=\"Accordion. Open links with Enter or Space, close with Escape, and navigate with Arrow Keys\">\n\t\t\t\t\t\t<details id=\"e-n-accordion-item-1510\" class=\"e-n-accordion-item\" >\n\t\t\t\t<summary class=\"e-n-accordion-item-title\" data-accordion-index=\"1\" tabindex=\"0\" aria-expanded=\"false\" aria-controls=\"e-n-accordion-item-1510\" >\n\t\t\t\t\t<span class='e-n-accordion-item-title-header'><div class=\"e-n-accordion-item-title-text\"> Cadaqu\u00e9s Barcelona <\/div><\/span>\n\t\t\t\t\t\t\t<span class='e-n-accordion-item-title-icon'>\n\t\t\t<span class='e-opened' ><svg aria-hidden=\"true\" class=\"e-font-icon-svg e-fas-minus\" viewBox=\"0 0 448 512\" xmlns=\"http:\/\/www.w3.org\/2000\/svg\"><path d=\"M416 208H32c-17.67 0-32 14.33-32 32v32c0 17.67 14.33 32 32 32h384c17.67 0 32-14.33 32-32v-32c0-17.67-14.33-32-32-32z\"><\/path><\/svg><\/span>\n\t\t\t<span class='e-closed'><svg aria-hidden=\"true\" class=\"e-font-icon-svg e-fas-plus\" viewBox=\"0 0 448 512\" xmlns=\"http:\/\/www.w3.org\/2000\/svg\"><path d=\"M416 208H272V64c0-17.67-14.33-32-32-32h-32c-17.67 0-32 14.33-32 32v144H32c-17.67 0-32 14.33-32 32v32c0 17.67 14.33 32 32 32h144v144c0 17.67 14.33 32 32 32h32c17.67 0 32-14.33 32-32V304h144c17.67 0 32-14.33 32-32v-32c0-17.67-14.33-32-32-32z\"><\/path><\/svg><\/span>\n\t\t<\/span>\n\n\t\t\t\t\t\t<\/summary>\n\t\t\t\t<div role=\"region\" aria-labelledby=\"e-n-accordion-item-1510\" class=\"elementor-element elementor-element-2e334a9 e-con-full e-flex e-con e-child\" data-id=\"2e334a9\" data-element_type=\"container\">\n\t\t\t\t<div class=\"elementor-element elementor-element-e667091 elementor-widget elementor-widget-heading\" data-id=\"e667091\" data-element_type=\"widget\" data-widget_type=\"heading.default\">\n\t\t\t\t<div class=\"elementor-widget-container\">\n\t\t\t\t\t<h2 class=\"elementor-heading-title elementor-size-default\">Cadaqu\u00e9s Barcelona<\/h2>\t\t\t\t<\/div>\n\t\t\t\t<\/div>\n\t\t\t\t<div class=\"elementor-element elementor-element-64bfcf2 elementor-widget elementor-widget-html\" data-id=\"64bfcf2\" data-element_type=\"widget\" data-widget_type=\"html.default\">\n\t\t\t\t<div class=\"elementor-widget-container\">\n\t\t\t\t\t<script type=\"text\/javascript\" src=\"https:\/\/www.covermanager.com\/js\/iframeResizer.min.js\"><\/script><iframe id=\"restaurante-cadaquescuinameditteranea\" title=\"Bookings\" src=\"https:\/\/www.covermanager.com\/reservation\/module_restaurant\/restaurante-cadaquescuinameditteranea\/english\" frameborder=\"0\" height=\"650\" width=\"100%\" onload=\"iFrameResize();\"><\/iframe>\n\t\t\t\t\t\t\t\t\t\t\t\t\t                \t\t\t\t<\/div>\n\t\t\t\t<\/div>\n\t\t\t\t<\/div>\n\t\t\t\t\t<\/details>\n\t\t\t\t\t\t<details id=\"e-n-accordion-item-1511\" class=\"e-n-accordion-item\" >\n\t\t\t\t<summary class=\"e-n-accordion-item-title\" data-accordion-index=\"2\" tabindex=\"-1\" aria-expanded=\"false\" aria-controls=\"e-n-accordion-item-1511\" >\n\t\t\t\t\t<span class='e-n-accordion-item-title-header'><div class=\"e-n-accordion-item-title-text\"> Cadaqu\u00e9s Madrid <\/div><\/span>\n\t\t\t\t\t\t\t<span class='e-n-accordion-item-title-icon'>\n\t\t\t<span class='e-opened' ><svg aria-hidden=\"true\" class=\"e-font-icon-svg e-fas-minus\" viewBox=\"0 0 448 512\" xmlns=\"http:\/\/www.w3.org\/2000\/svg\"><path d=\"M416 208H32c-17.67 0-32 14.33-32 32v32c0 17.67 14.33 32 32 32h384c17.67 0 32-14.33 32-32v-32c0-17.67-14.33-32-32-32z\"><\/path><\/svg><\/span>\n\t\t\t<span class='e-closed'><svg aria-hidden=\"true\" class=\"e-font-icon-svg e-fas-plus\" viewBox=\"0 0 448 512\" xmlns=\"http:\/\/www.w3.org\/2000\/svg\"><path d=\"M416 208H272V64c0-17.67-14.33-32-32-32h-32c-17.67 0-32 14.33-32 32v144H32c-17.67 0-32 14.33-32 32v32c0 17.67 14.33 32 32 32h144v144c0 17.67 14.33 32 32 32h32c17.67 0 32-14.33 32-32V304h144c17.67 0 32-14.33 32-32v-32c0-17.67-14.33-32-32-32z\"><\/path><\/svg><\/span>\n\t\t<\/span>\n\n\t\t\t\t\t\t<\/summary>\n\t\t\t\t<div role=\"region\" aria-labelledby=\"e-n-accordion-item-1511\" class=\"elementor-element elementor-element-989f244 e-con-full e-flex e-con e-child\" data-id=\"989f244\" data-element_type=\"container\">\n\t\t\t\t<div class=\"elementor-element elementor-element-0329677 elementor-widget elementor-widget-heading\" data-id=\"0329677\" data-element_type=\"widget\" data-widget_type=\"heading.default\">\n\t\t\t\t<div class=\"elementor-widget-container\">\n\t\t\t\t\t<h2 class=\"elementor-heading-title elementor-size-default\">Cadaqu\u00e9s Madrid<\/h2>\t\t\t\t<\/div>\n\t\t\t\t<\/div>\n\t\t\t\t<div class=\"elementor-element elementor-element-3474e23 elementor-widget elementor-widget-html\" data-id=\"3474e23\" data-element_type=\"widget\" data-widget_type=\"html.default\">\n\t\t\t\t<div class=\"elementor-widget-container\">\n\t\t\t\t\t<script type=\"text\/javascript\" src=\"https:\/\/www.covermanager.com\/js\/iframeResizer.min.js\"><\/script><iframe id=\"restaurante-cadaquesmadrid\" title=\"Bookings\" src=\"https:\/\/www.covermanager.com\/reservation\/module_restaurant\/restaurante-cadaquesmadrid\/english\" frameborder=\"0\" height=\"550\" width=\"100%\" onload=\"iFrameResize();\"><\/iframe>\n\t\t\t\t\t\t\t\t\t\t\t\t\t                \t\t\t\t<\/div>\n\t\t\t\t<\/div>\n\t\t\t\t<\/div>\n\t\t\t\t\t<\/details>\n\t\t\t\t\t<\/div>\n\t\t\t\t\t\t<\/div>\n\t\t\t\t<\/div>\n\t\t\t\t\t<\/div>\n\t\t\t\t<\/div>\n\t\t<div class=\"elementor-element elementor-element-75f663c e-flex e-con-boxed e-con e-parent\" data-id=\"75f663c\" data-element_type=\"container\">\n\t\t\t\t\t<div class=\"e-con-inner\">\n\t\t\t\t<div class=\"elementor-element elementor-element-b6a3886 elementor-invisible elementor-widget elementor-widget-image\" data-id=\"b6a3886\" data-element_type=\"widget\" data-settings=\"{&quot;_animation&quot;:&quot;slideInUp&quot;,&quot;_animation_delay&quot;:500}\" data-widget_type=\"image.default\">\n\t\t\t\t<div class=\"elementor-widget-container\">\n\t\t\t\t\t\t\t\t\t\t\t\t\t\t\t<img decoding=\"async\" width=\"800\" height=\"434\" src=\"https:\/\/restaurantecadaques.com\/wp-content\/uploads\/2025\/04\/Esquema-pez-2-1024x555.png\" class=\"attachment-large size-large wp-image-458\" alt=\"\" srcset=\"https:\/\/restaurantecadaques.com\/wp-content\/uploads\/2025\/04\/Esquema-pez-2-1024x555.png 1024w, https:\/\/restaurantecadaques.com\/wp-content\/uploads\/2025\/04\/Esquema-pez-2-300x163.png 300w, https:\/\/restaurantecadaques.com\/wp-content\/uploads\/2025\/04\/Esquema-pez-2-768x416.png 768w, https:\/\/restaurantecadaques.com\/wp-content\/uploads\/2025\/04\/Esquema-pez-2-1536x833.png 1536w, https:\/\/restaurantecadaques.com\/wp-content\/uploads\/2025\/04\/Esquema-pez-2.png 1920w\" sizes=\"(max-width: 800px) 100vw, 800px\" \/>\t\t\t\t\t\t\t\t\t\t\t\t\t\t\t<\/div>\n\t\t\t\t<\/div>\n\t\t\t\t\t<\/div>\n\t\t\t\t<\/div>\n\t\t<div class=\"elementor-element elementor-element-8d7d3b5 e-con-full e-flex e-con e-parent\" data-id=\"8d7d3b5\" data-element_type=\"container\">\n\t\t\t\t<div class=\"elementor-element elementor-element-372417d elementor-arrows-position-inside elementor-widget elementor-widget-image-carousel\" data-id=\"372417d\" data-element_type=\"widget\" data-settings=\"{&quot;slides_to_show&quot;:&quot;3&quot;,&quot;slides_to_scroll&quot;:&quot;1&quot;,&quot;navigation&quot;:&quot;arrows&quot;,&quot;autoplay_speed&quot;:2000,&quot;image_spacing_custom&quot;:{&quot;unit&quot;:&quot;px&quot;,&quot;size&quot;:30,&quot;sizes&quot;:[]},&quot;autoplay&quot;:&quot;yes&quot;,&quot;pause_on_hover&quot;:&quot;yes&quot;,&quot;pause_on_interaction&quot;:&quot;yes&quot;,&quot;infinite&quot;:&quot;yes&quot;,&quot;speed&quot;:500,&quot;image_spacing_custom_tablet&quot;:{&quot;unit&quot;:&quot;px&quot;,&quot;size&quot;:&quot;&quot;,&quot;sizes&quot;:[]},&quot;image_spacing_custom_mobile&quot;:{&quot;unit&quot;:&quot;px&quot;,&quot;size&quot;:&quot;&quot;,&quot;sizes&quot;:[]}}\" data-widget_type=\"image-carousel.default\">\n\t\t\t\t<div class=\"elementor-widget-container\">\n\t\t\t\t\t\t\t<div class=\"elementor-image-carousel-wrapper swiper\" role=\"region\" aria-roledescription=\"carousel\" aria-label=\"Carrusel de im\u00e1genes\" dir=\"ltr\">\n\t\t\t<div class=\"elementor-image-carousel swiper-wrapper swiper-image-stretch\" aria-live=\"off\">\n\t\t\t\t\t\t\t\t<div class=\"swiper-slide\" role=\"group\" aria-roledescription=\"slide\" aria-label=\"1 of 4\"><figure class=\"swiper-slide-inner\"><img decoding=\"async\" class=\"swiper-slide-image\" src=\"https:\/\/restaurantecadaques.com\/wp-content\/uploads\/2025\/04\/SLIDE1.webp\" alt=\"SLIDE1\" \/><\/figure><\/div><div class=\"swiper-slide\" role=\"group\" aria-roledescription=\"slide\" aria-label=\"2 of 4\"><figure class=\"swiper-slide-inner\"><img decoding=\"async\" class=\"swiper-slide-image\" src=\"https:\/\/restaurantecadaques.com\/wp-content\/uploads\/2025\/04\/SLIDE2.webp\" alt=\"SLIDE2\" \/><\/figure><\/div><div class=\"swiper-slide\" role=\"group\" aria-roledescription=\"slide\" aria-label=\"3 of 4\"><figure class=\"swiper-slide-inner\"><img decoding=\"async\" class=\"swiper-slide-image\" src=\"https:\/\/restaurantecadaques.com\/wp-content\/uploads\/2025\/04\/SLIDE3.webp\" alt=\"SLIDE3\" \/><\/figure><\/div><div class=\"swiper-slide\" role=\"group\" aria-roledescription=\"slide\" aria-label=\"4 of 4\"><figure class=\"swiper-slide-inner\"><img decoding=\"async\" class=\"swiper-slide-image\" src=\"https:\/\/restaurantecadaques.com\/wp-content\/uploads\/2025\/04\/SLIDE4-1.webp\" alt=\"SLIDE4-1\" \/><\/figure><\/div>\t\t\t<\/div>\n\t\t\t\t\t\t\t\t\t\t\t\t<div class=\"elementor-swiper-button elementor-swiper-button-prev\" role=\"button\" tabindex=\"0\">\n\t\t\t\t\t\t<svg aria-hidden=\"true\" class=\"e-font-icon-svg e-eicon-chevron-left\" viewBox=\"0 0 1000 1000\" xmlns=\"http:\/\/www.w3.org\/2000\/svg\"><path d=\"M646 125C629 125 613 133 604 142L308 442C296 454 292 471 292 487 292 504 296 521 308 533L604 854C617 867 629 875 646 875 663 875 679 871 692 858 704 846 713 829 713 812 713 796 708 779 692 767L438 487 692 225C700 217 708 204 708 187 708 171 704 154 692 142 675 129 663 125 646 125Z\"><\/path><\/svg>\t\t\t\t\t<\/div>\n\t\t\t\t\t<div class=\"elementor-swiper-button elementor-swiper-button-next\" role=\"button\" tabindex=\"0\">\n\t\t\t\t\t\t<svg aria-hidden=\"true\" class=\"e-font-icon-svg e-eicon-chevron-right\" viewBox=\"0 0 1000 1000\" xmlns=\"http:\/\/www.w3.org\/2000\/svg\"><path d=\"M696 533C708 521 713 504 713 487 713 471 708 454 696 446L400 146C388 133 375 125 354 125 338 125 325 129 313 142 300 154 292 171 292 187 292 204 296 221 308 233L563 492 304 771C292 783 288 800 288 817 288 833 296 850 308 863 321 871 338 875 354 875 371 875 388 867 400 854L696 533Z\"><\/path><\/svg>\t\t\t\t\t<\/div>\n\t\t\t\t\n\t\t\t\t\t\t\t\t\t<\/div>\n\t\t\t\t\t\t<\/div>\n\t\t\t\t<\/div>\n\t\t\t\t<\/div>\n\t\t\t\t<\/div>\n\t\t","protected":false},"excerpt":{"rendered":"<p>Select the city in which you want to book and complete the booking information: Cadaqu\u00e9s Barcelona Cadaqu\u00e9s Barcelona Cadaqu\u00e9s Madrid Cadaqu\u00e9s Madrid Cadaqu\u00e9s Barcelona Cadaqu\u00e9s Madrid<\/p>\n","protected":false},"author":1,"featured_media":0,"parent":0,"menu_order":0,"comment_status":"closed","ping_status":"closed","template":"","meta":{"footnotes":""},"class_list":["post-587","page","type-page","status-publish","hentry"],"yoast_head":"<!-- This site is optimized with the Yoast SEO plugin v25.0 - https:\/\/yoast.com\/wordpress\/plugins\/seo\/ -->\n<title>Cadaqu\u00e9s bookings - Cadaqu\u00e9s Restaurante<\/title>\n<meta name=\"robots\" content=\"index, follow, max-snippet:-1, max-image-preview:large, max-video-preview:-1\" \/>\n<link rel=\"canonical\" href=\"https:\/\/restaurantecadaques.com\/en\/cadaques-bookings\/\" \/>\n<meta property=\"og:locale\" content=\"en_US\" \/>\n<meta property=\"og:type\" content=\"article\" \/>\n<meta property=\"og:title\" content=\"Cadaqu\u00e9s bookings - Cadaqu\u00e9s Restaurante\" \/>\n<meta property=\"og:description\" content=\"Select the city in which you want to book and complete the booking information: Cadaqu\u00e9s Barcelona Cadaqu\u00e9s Barcelona Cadaqu\u00e9s Madrid Cadaqu\u00e9s Madrid Cadaqu\u00e9s Barcelona Cadaqu\u00e9s Madrid\" \/>\n<meta property=\"og:url\" content=\"https:\/\/restaurantecadaques.com\/en\/cadaques-bookings\/\" \/>\n<meta property=\"og:site_name\" content=\"Cadaqu\u00e9s Restaurante\" \/>\n<meta property=\"article:modified_time\" content=\"2025-05-12T09:45:44+00:00\" \/>\n<meta name=\"twitter:card\" content=\"summary_large_image\" \/>\n<script type=\"application\/ld+json\" class=\"yoast-schema-graph\">{\"@context\":\"https:\/\/schema.org\",\"@graph\":[{\"@type\":\"WebPage\",\"@id\":\"https:\/\/restaurantecadaques.com\/en\/cadaques-bookings\/\",\"url\":\"https:\/\/restaurantecadaques.com\/en\/cadaques-bookings\/\",\"name\":\"Cadaqu\u00e9s bookings - Cadaqu\u00e9s Restaurante\",\"isPartOf\":{\"@id\":\"https:\/\/restaurantecadaques.com\/en\/#website\"},\"primaryImageOfPage\":{\"@id\":\"https:\/\/restaurantecadaques.com\/en\/cadaques-bookings\/#primaryimage\"},\"image\":{\"@id\":\"https:\/\/restaurantecadaques.com\/en\/cadaques-bookings\/#primaryimage\"},\"thumbnailUrl\":\"https:\/\/restaurantecadaques.com\/wp-content\/uploads\/2025\/04\/cadaques-logo2.svg\",\"datePublished\":\"2025-04-25T08:53:28+00:00\",\"dateModified\":\"2025-05-12T09:45:44+00:00\",\"breadcrumb\":{\"@id\":\"https:\/\/restaurantecadaques.com\/en\/cadaques-bookings\/#breadcrumb\"},\"inLanguage\":\"en-US\",\"potentialAction\":[{\"@type\":\"ReadAction\",\"target\":[\"https:\/\/restaurantecadaques.com\/en\/cadaques-bookings\/\"]}]},{\"@type\":\"ImageObject\",\"inLanguage\":\"en-US\",\"@id\":\"https:\/\/restaurantecadaques.com\/en\/cadaques-bookings\/#primaryimage\",\"url\":\"https:\/\/restaurantecadaques.com\/wp-content\/uploads\/2025\/04\/cadaques-logo2.svg\",\"contentUrl\":\"https:\/\/restaurantecadaques.com\/wp-content\/uploads\/2025\/04\/cadaques-logo2.svg\"},{\"@type\":\"BreadcrumbList\",\"@id\":\"https:\/\/restaurantecadaques.com\/en\/cadaques-bookings\/#breadcrumb\",\"itemListElement\":[{\"@type\":\"ListItem\",\"position\":1,\"name\":\"Portada\",\"item\":\"https:\/\/restaurantecadaques.com\/en\/\"},{\"@type\":\"ListItem\",\"position\":2,\"name\":\"Cadaqu\u00e9s bookings\"}]},{\"@type\":\"WebSite\",\"@id\":\"https:\/\/restaurantecadaques.com\/en\/#website\",\"url\":\"https:\/\/restaurantecadaques.com\/en\/\",\"name\":\"Cadaqu\u00e9s Restaurante\",\"description\":\"\",\"potentialAction\":[{\"@type\":\"SearchAction\",\"target\":{\"@type\":\"EntryPoint\",\"urlTemplate\":\"https:\/\/restaurantecadaques.com\/en\/?s={search_term_string}\"},\"query-input\":{\"@type\":\"PropertyValueSpecification\",\"valueRequired\":true,\"valueName\":\"search_term_string\"}}],\"inLanguage\":\"en-US\"}]}<\/script>\n<!-- \/ Yoast SEO plugin. -->","yoast_head_json":{"title":"Cadaqu\u00e9s bookings - Cadaqu\u00e9s Restaurante","robots":{"index":"index","follow":"follow","max-snippet":"max-snippet:-1","max-image-preview":"max-image-preview:large","max-video-preview":"max-video-preview:-1"},"canonical":"https:\/\/restaurantecadaques.com\/en\/cadaques-bookings\/","og_locale":"en_US","og_type":"article","og_title":"Cadaqu\u00e9s bookings - Cadaqu\u00e9s Restaurante","og_description":"Select the city in which you want to book and complete the booking information: Cadaqu\u00e9s Barcelona Cadaqu\u00e9s Barcelona Cadaqu\u00e9s Madrid Cadaqu\u00e9s Madrid Cadaqu\u00e9s Barcelona Cadaqu\u00e9s Madrid","og_url":"https:\/\/restaurantecadaques.com\/en\/cadaques-bookings\/","og_site_name":"Cadaqu\u00e9s Restaurante","article_modified_time":"2025-05-12T09:45:44+00:00","twitter_card":"summary_large_image","schema":{"@context":"https:\/\/schema.org","@graph":[{"@type":"WebPage","@id":"https:\/\/restaurantecadaques.com\/en\/cadaques-bookings\/","url":"https:\/\/restaurantecadaques.com\/en\/cadaques-bookings\/","name":"Cadaqu\u00e9s bookings - Cadaqu\u00e9s Restaurante","isPartOf":{"@id":"https:\/\/restaurantecadaques.com\/en\/#website"},"primaryImageOfPage":{"@id":"https:\/\/restaurantecadaques.com\/en\/cadaques-bookings\/#primaryimage"},"image":{"@id":"https:\/\/restaurantecadaques.com\/en\/cadaques-bookings\/#primaryimage"},"thumbnailUrl":"https:\/\/restaurantecadaques.com\/wp-content\/uploads\/2025\/04\/cadaques-logo2.svg","datePublished":"2025-04-25T08:53:28+00:00","dateModified":"2025-05-12T09:45:44+00:00","breadcrumb":{"@id":"https:\/\/restaurantecadaques.com\/en\/cadaques-bookings\/#breadcrumb"},"inLanguage":"en-US","potentialAction":[{"@type":"ReadAction","target":["https:\/\/restaurantecadaques.com\/en\/cadaques-bookings\/"]}]},{"@type":"ImageObject","inLanguage":"en-US","@id":"https:\/\/restaurantecadaques.com\/en\/cadaques-bookings\/#primaryimage","url":"https:\/\/restaurantecadaques.com\/wp-content\/uploads\/2025\/04\/cadaques-logo2.svg","contentUrl":"https:\/\/restaurantecadaques.com\/wp-content\/uploads\/2025\/04\/cadaques-logo2.svg"},{"@type":"BreadcrumbList","@id":"https:\/\/restaurantecadaques.com\/en\/cadaques-bookings\/#breadcrumb","itemListElement":[{"@type":"ListItem","position":1,"name":"Portada","item":"https:\/\/restaurantecadaques.com\/en\/"},{"@type":"ListItem","position":2,"name":"Cadaqu\u00e9s bookings"}]},{"@type":"WebSite","@id":"https:\/\/restaurantecadaques.com\/en\/#website","url":"https:\/\/restaurantecadaques.com\/en\/","name":"Cadaqu\u00e9s Restaurante","description":"","potentialAction":[{"@type":"SearchAction","target":{"@type":"EntryPoint","urlTemplate":"https:\/\/restaurantecadaques.com\/en\/?s={search_term_string}"},"query-input":{"@type":"PropertyValueSpecification","valueRequired":true,"valueName":"search_term_string"}}],"inLanguage":"en-US"}]}},"_links":{"self":[{"href":"https:\/\/restaurantecadaques.com\/en\/wp-json\/wp\/v2\/pages\/587","targetHints":{"allow":["GET"]}}],"collection":[{"href":"https:\/\/restaurantecadaques.com\/en\/wp-json\/wp\/v2\/pages"}],"about":[{"href":"https:\/\/restaurantecadaques.com\/en\/wp-json\/wp\/v2\/types\/page"}],"author":[{"embeddable":true,"href":"https:\/\/restaurantecadaques.com\/en\/wp-json\/wp\/v2\/users\/1"}],"replies":[{"embeddable":true,"href":"https:\/\/restaurantecadaques.com\/en\/wp-json\/wp\/v2\/comments?post=587"}],"version-history":[{"count":3,"href":"https:\/\/restaurantecadaques.com\/en\/wp-json\/wp\/v2\/pages\/587\/revisions"}],"predecessor-version":[{"id":861,"href":"https:\/\/restaurantecadaques.com\/en\/wp-json\/wp\/v2\/pages\/587\/revisions\/861"}],"wp:attachment":[{"href":"https:\/\/restaurantecadaques.com\/en\/wp-json\/wp\/v2\/media?parent=587"}],"curies":[{"name":"wp","href":"https:\/\/api.w.org\/{rel}","templated":true}]}}